{"id":10625,"date":"2025-02-09T23:05:33","date_gmt":"2025-02-09T23:05:33","guid":{"rendered":"https:\/\/www.droneincdoo.com\/?page_id=10625"},"modified":"2026-03-05T12:24:29","modified_gmt":"2026-03-05T12:24:29","slug":"cenovnik","status":"publish","type":"page","link":"https:\/\/www.droneincdoo.com\/hu\/cenovnik\/","title":{"rendered":"Cenovnik"},"content":{"rendered":"<div data-elementor-type=\"wp-page\" data-elementor-id=\"10625\" class=\"elementor elementor-10625\" data-elementor-post-type=\"page\">\n\t\t\t\t<div class=\"elementor-element elementor-element-ae4d383 e-flex e-con-boxed e-con e-parent\" data-id=\"ae4d383\" data-element_type=\"container\" data-e-type=\"container\" data-settings=\"{&quot;background_background&quot;:&quot;classic&quot;}\">\n\t\t\t\t\t<div class=\"e-con-inner\">\n\t\t\t\t<div class=\"elementor-element elementor-element-1391c889 elementor-widget elementor-widget-text-editor\" data-id=\"1391c889\" data-element_type=\"widget\" data-e-type=\"widget\" data-widget_type=\"text-editor.default\">\n\t\t\t\t<div class=\"elementor-widget-container\">\n\t\t\t\t\t\t\t\t\t\n<p class=\"has-vivid-red-color has-text-color has-link-color wp-elements-b8333f64be78ddb8d3fbd88e4ebd7d79\" style=\"text-align: center;\">\u00a0<\/p>\n\n<p class=\"has-vivid-red-color has-text-color has-link-color wp-elements-cb5ae30baacee328f1fd3fa5c10892f8\" style=\"text-align: center;\"><em><strong>MINDEN \u00dcGYF\u00c9LK\u00c9R\u00c9SRE K\u00dcL\u00d6N AJ\u00c1NLATOT K\u00c9SZ\u00cdT\u00dcNK AZ \u00dcGYF\u00c9L IG\u00c9NYEINEK MEGFELEL\u0150EN \u00c9S A HELYSZ\u00cdNI HELYZET ALAPJ\u00c1N.<\/strong><\/em><\/p>\n\n<p class=\"has-vivid-red-color has-text-color has-link-color wp-elements-36314caf2d301bf912518e05952a2cb9\" style=\"text-align: center;\"><em><strong>PREPARATI I VODA KAO I POVRATNI PUT OD MATI\u010cNE ADRESE (DRONE INC DOO 24000,Subotica,M<\/strong><\/em><em><strong>a\u010dvanska<\/strong><\/em><em><strong> br.132\/5) DO PARCELE KOJA SE TRETIRA ( po ceni 0.70 EUR<\/strong><\/em><em><strong>\/km)<\/strong><\/em><em><strong>,<\/strong><\/em><em><u><strong>NISU URA\u010cUNATI U CENU<\/strong><\/u><\/em><\/p>\n<p>\u00a0<\/p>\n<p class=\"western\" align=\"center\"><span style=\"color: #ff0000; font-size: 18px;\"><span style=\"font-family: TimesNewRomanPS-BoldMT, Times New Roman, serif;\"><span lang=\"sr-Latn-CS\"><i><b>AZ \u00c1RAK\u00c9RT H\u00cdVJA A +381 65 2742 590 SZ\u00c1MOT. AZ \u00c1RAK T\u00c1J\u00c9KOZTAT\u00d3 JELLEG\u0170EK \u00c9S V\u00c1LTOZHATNAK.<\/b><\/i><\/span><\/span><\/span><\/p>\n\t\t\t\t\t\t\t\t<\/div>\n\t\t\t\t<\/div>\n\t\t\t\t\t<\/div>\n\t\t\t\t<\/div>\n\t\t\t\t<\/div>","protected":false},"excerpt":{"rendered":"<p>\u00a0 ZA SVAKI ZAHTEV KLIJENTA SE PRAVI POSEBNA PONUDA U SKLADU SA POTREBAMA KLIJENTA I NA OSNOVU SITUACIJE NA TERENU PREPARATI I VODA KAO I POVRATNI PUT OD MATI\u010cNE ADRESE (DRONE INC DOO 24000,Subotica,Ma\u010dvanska br.132\/5) DO PARCELE KOJA SE TRETIRA ( po ceni 0.70 EUR\/km),NISU URA\u010cUNATI U CENU \u00a0 ZA CENE NAZVATI NA +381 65 [&hellip;]<\/p>\n","protected":false},"author":1,"featured_media":0,"parent":0,"menu_order":0,"comment_status":"closed","ping_status":"closed","template":"","meta":{"footnotes":""},"class_list":["post-10625","page","type-page","status-publish","hentry"],"_links":{"self":[{"href":"https:\/\/www.droneincdoo.com\/hu\/wp-json\/wp\/v2\/pages\/10625","targetHints":{"allow":["GET"]}}],"collection":[{"href":"https:\/\/www.droneincdoo.com\/hu\/wp-json\/wp\/v2\/pages"}],"about":[{"href":"https:\/\/www.droneincdoo.com\/hu\/wp-json\/wp\/v2\/types\/page"}],"author":[{"embeddable":true,"href":"https:\/\/www.droneincdoo.com\/hu\/wp-json\/wp\/v2\/users\/1"}],"replies":[{"embeddable":true,"href":"https:\/\/www.droneincdoo.com\/hu\/wp-json\/wp\/v2\/comments?post=10625"}],"version-history":[{"count":21,"href":"https:\/\/www.droneincdoo.com\/hu\/wp-json\/wp\/v2\/pages\/10625\/revisions"}],"predecessor-version":[{"id":10708,"href":"https:\/\/www.droneincdoo.com\/hu\/wp-json\/wp\/v2\/pages\/10625\/revisions\/10708"}],"wp:attachment":[{"href":"https:\/\/www.droneincdoo.com\/hu\/wp-json\/wp\/v2\/media?parent=10625"}],"curies":[{"name":"wp","href":"https:\/\/api.w.org\/{rel}","templated":true}]}}