{"id":10505,"date":"2024-11-12T20:55:55","date_gmt":"2024-11-12T20:55:55","guid":{"rendered":"https:\/\/www.droneincdoo.com\/?page_id=10505"},"modified":"2024-11-12T21:29:06","modified_gmt":"2024-11-12T21:29:06","slug":"uslovi-saradnje","status":"publish","type":"page","link":"https:\/\/www.droneincdoo.com\/hu\/uslovi-saradnje\/","title":{"rendered":"Uslovi saradnje"},"content":{"rendered":"<div data-elementor-type=\"wp-page\" data-elementor-id=\"10505\" class=\"elementor elementor-10505\" data-elementor-post-type=\"page\">\n\t\t\t\t<div class=\"elementor-element elementor-element-46f5d130 e-flex e-con-boxed e-con e-parent\" data-id=\"46f5d130\" data-element_type=\"container\" data-e-type=\"container\">\n\t\t\t\t\t<div class=\"e-con-inner\">\n\t\t\t\t<div class=\"elementor-element elementor-element-3eae1eaf elementor-widget elementor-widget-text-editor\" data-id=\"3eae1eaf\" data-element_type=\"widget\" data-e-type=\"widget\" data-widget_type=\"text-editor.default\">\n\t\t\t\t<div class=\"elementor-widget-container\">\n\t\t\t\t\t\t\t\t\t\n<p>DRRONE INC DOO SUBOTICA je preduze\u0107e osnovano u svrhe uvo\u0111enja i primene novih standarda u poljoprivredi.<br>Na\u0161a saradnja sa kompanijama, poljoprivrednim gazdinstvima i gra\u0111anima je jednostavna.<br>Nakon dogovora o vrsti poljoprivredne kulture i povr\u0161ini(obavezno dostaviti broj parcele iz katastra,kao dokaz o vlasni\u0161tvu ili ugovor o zakupu iste),<br>koju je potrebno za\u0161tititi\/oprskati, uplate na teku\u0107i ra\u010dun preduze\u0107a, vr\u0161imo dolazak na adresu. Obavezno je potpisivanje izjave o vlasni\u0161tvu nad povr\u0161inom koja se tretira.<br>Hemikalije ne ulaze u cenu i ne vr\u0161imo savetovanje iz oblasti za\u0161tite bilja.<br>Primena odre\u0111enih hemijskih sredstava se vr\u0161i na va\u0161 zahtev.<\/p>\n\t\t\t\t\t\t\t\t<\/div>\n\t\t\t\t<\/div>\n\t\t\t\t\t<\/div>\n\t\t\t\t<\/div>\n\t\t\t\t<\/div>","protected":false},"excerpt":{"rendered":"<p>DRRONE INC DOO SUBOTICA je preduze\u0107e osnovano u svrhe uvo\u0111enja i primene novih standarda u poljoprivredi.Na\u0161a saradnja sa kompanijama, poljoprivrednim gazdinstvima i gra\u0111anima je jednostavna.Nakon dogovora o vrsti poljoprivredne kulture i povr\u0161ini(obavezno dostaviti broj parcele iz katastra,kao dokaz o vlasni\u0161tvu ili ugovor o zakupu iste),koju je potrebno za\u0161tititi\/oprskati, uplate na teku\u0107i ra\u010dun preduze\u0107a, vr\u0161imo dolazak [&hellip;]<\/p>\n","protected":false},"author":1,"featured_media":0,"parent":0,"menu_order":0,"comment_status":"closed","ping_status":"closed","template":"","meta":{"footnotes":""},"class_list":["post-10505","page","type-page","status-publish","hentry"],"_links":{"self":[{"href":"https:\/\/www.droneincdoo.com\/hu\/wp-json\/wp\/v2\/pages\/10505","targetHints":{"allow":["GET"]}}],"collection":[{"href":"https:\/\/www.droneincdoo.com\/hu\/wp-json\/wp\/v2\/pages"}],"about":[{"href":"https:\/\/www.droneincdoo.com\/hu\/wp-json\/wp\/v2\/types\/page"}],"author":[{"embeddable":true,"href":"https:\/\/www.droneincdoo.com\/hu\/wp-json\/wp\/v2\/users\/1"}],"replies":[{"embeddable":true,"href":"https:\/\/www.droneincdoo.com\/hu\/wp-json\/wp\/v2\/comments?post=10505"}],"version-history":[{"count":13,"href":"https:\/\/www.droneincdoo.com\/hu\/wp-json\/wp\/v2\/pages\/10505\/revisions"}],"predecessor-version":[{"id":10568,"href":"https:\/\/www.droneincdoo.com\/hu\/wp-json\/wp\/v2\/pages\/10505\/revisions\/10568"}],"wp:attachment":[{"href":"https:\/\/www.droneincdoo.com\/hu\/wp-json\/wp\/v2\/media?parent=10505"}],"curies":[{"name":"wp","href":"https:\/\/api.w.org\/{rel}","templated":true}]}}