{"id":10501,"date":"2024-11-12T20:55:13","date_gmt":"2024-11-12T20:55:13","guid":{"rendered":"https:\/\/www.droneincdoo.com\/?page_id=10501"},"modified":"2024-11-12T21:31:05","modified_gmt":"2024-11-12T21:31:05","slug":"saglasnost-i-promena-uslova","status":"publish","type":"page","link":"https:\/\/www.droneincdoo.com\/hu\/saglasnost-i-promena-uslova\/","title":{"rendered":"Hozz\u00e1j\u00e1rul\u00e1s \u00e9s felt\u00e9telek m\u00f3dos\u00edt\u00e1sa"},"content":{"rendered":"<div data-elementor-type=\"wp-page\" data-elementor-id=\"10501\" class=\"elementor elementor-10501\" data-elementor-post-type=\"page\">\n\t\t\t\t<div class=\"elementor-element elementor-element-2db4cddc e-flex e-con-boxed e-con e-parent\" data-id=\"2db4cddc\" data-element_type=\"container\" data-e-type=\"container\">\n\t\t\t\t\t<div class=\"e-con-inner\">\n\t\t\t\t<div class=\"elementor-element elementor-element-3e45e6a6 elementor-widget elementor-widget-text-editor\" data-id=\"3e45e6a6\" data-element_type=\"widget\" data-e-type=\"widget\" data-widget_type=\"text-editor.default\">\n\t\t\t\t<div class=\"elementor-widget-container\">\n\t\t\t\t\t\t\t\t\t\n<p><span style=\"font-size: 21px;\">Kori\u0161\u0107enje na\u0161ih servisa podrazumeva saglasnost korisnika sa navedenim uslovima kori\u0161\u0107enja.<\/span><br \/><span style=\"font-size: 21px;\">DRONE INC DOO se obavezuje da \u0107e se pridr\u017eavati svega navedenog, a sve promene uslova postaju va\u017ee\u0107e tek nakon objavljivanja na ovoj strani i slanja e-mail obave\u0161tenja<\/span><br \/><span style=\"font-size: 21px;\">svim registrovanim korisnicima.<\/span><\/p>\n\t\t\t\t\t\t\t\t<\/div>\n\t\t\t\t<\/div>\n\t\t\t\t\t<\/div>\n\t\t\t\t<\/div>\n\t\t\t\t<\/div>","protected":false},"excerpt":{"rendered":"<p>Kori\u0161\u0107enje na\u0161ih servisa podrazumeva saglasnost korisnika sa navedenim uslovima kori\u0161\u0107enja.DRONE INC DOO se obavezuje da \u0107e se pridr\u017eavati svega navedenog, a sve promene uslova postaju va\u017ee\u0107e tek nakon objavljivanja na ovoj strani i slanja e-mail obave\u0161tenjasvim registrovanim korisnicima.<\/p>","protected":false},"author":1,"featured_media":0,"parent":0,"menu_order":0,"comment_status":"closed","ping_status":"closed","template":"","meta":{"footnotes":""},"class_list":["post-10501","page","type-page","status-publish","hentry"],"_links":{"self":[{"href":"https:\/\/www.droneincdoo.com\/hu\/wp-json\/wp\/v2\/pages\/10501","targetHints":{"allow":["GET"]}}],"collection":[{"href":"https:\/\/www.droneincdoo.com\/hu\/wp-json\/wp\/v2\/pages"}],"about":[{"href":"https:\/\/www.droneincdoo.com\/hu\/wp-json\/wp\/v2\/types\/page"}],"author":[{"embeddable":true,"href":"https:\/\/www.droneincdoo.com\/hu\/wp-json\/wp\/v2\/users\/1"}],"replies":[{"embeddable":true,"href":"https:\/\/www.droneincdoo.com\/hu\/wp-json\/wp\/v2\/comments?post=10501"}],"version-history":[{"count":7,"href":"https:\/\/www.droneincdoo.com\/hu\/wp-json\/wp\/v2\/pages\/10501\/revisions"}],"predecessor-version":[{"id":10574,"href":"https:\/\/www.droneincdoo.com\/hu\/wp-json\/wp\/v2\/pages\/10501\/revisions\/10574"}],"wp:attachment":[{"href":"https:\/\/www.droneincdoo.com\/hu\/wp-json\/wp\/v2\/media?parent=10501"}],"curies":[{"name":"wp","href":"https:\/\/api.w.org\/{rel}","templated":true}]}}