{"id":10499,"date":"2024-11-12T20:54:36","date_gmt":"2024-11-12T20:54:36","guid":{"rendered":"https:\/\/www.droneincdoo.com\/?page_id=10499"},"modified":"2024-11-12T21:33:19","modified_gmt":"2024-11-12T21:33:19","slug":"zastita-privatnosti-podataka","status":"publish","type":"page","link":"https:\/\/www.droneincdoo.com\/hu\/zastita-privatnosti-podataka\/","title":{"rendered":"Adatv\u00e9delmi v\u00e9delem"},"content":{"rendered":"<div data-elementor-type=\"wp-page\" data-elementor-id=\"10499\" class=\"elementor elementor-10499\" data-elementor-post-type=\"page\">\n\t\t\t\t<div class=\"elementor-element elementor-element-38d0e06e e-flex e-con-boxed e-con e-parent\" data-id=\"38d0e06e\" data-element_type=\"container\" data-e-type=\"container\">\n\t\t\t\t\t<div class=\"e-con-inner\">\n\t\t\t\t<div class=\"elementor-element elementor-element-65640aac elementor-widget elementor-widget-text-editor\" data-id=\"65640aac\" data-element_type=\"widget\" data-e-type=\"widget\" data-widget_type=\"text-editor.default\">\n\t\t\t\t<div class=\"elementor-widget-container\">\n\t\t\t\t\t\t\t\t\t\n<p><span style=\"font-size: 21px;\">Da bismo uspe\u0161no obradili Va\u0161 zahtev potrebni su nam Va\u0161e ime i prezime, adresa, e-mail i telefon.<\/span><br \/><span style=\"font-size: 21px;\">Uz pomo\u0107 tih podataka bi\u0107emo u mogu\u0107nosti da Vam damo najbolju ponudu,kao i da Vam je dostavimo u \u0161to kra\u0107em roku.<\/span><br \/><span style=\"font-size: 21px;\">Kao i da Vas obavestimo o trenutnom statusu Va\u0161eg zahteva.<\/span><br \/><span style=\"font-size: 21px;\">Prikupljamo samo neophodne, osnovne podatke o klijentima\/korisnicima i podatke neophodne za poslovanje i informisanje korisnika u skladu sa dobrim poslovnim obi\u010dajima,<\/span><br \/><span style=\"font-size: 21px;\">i u cilju pru\u017eanja kvalitetne usluge, prijavom ili registracijom na www.droneinc.com podrazumeva saglasnost korisnika da mu \u0161aljemo email, sms i viber obave\u0161tenja,pravimo fotografije,<\/span><br \/><span style=\"font-size: 21px;\">video zapise sa tretirane parcele i koristimo ih u svrhe na\u0161e promocije,bez pismene saglasnosti.<\/span><br \/><span style=\"font-size: 21px;\">Dajemo klijentima mogu\u0107nost izbora uklju\u010duju\u0107i mogu\u0107nost odluke da li \u017eele ili ne da se izbri\u0161u sa mailing, sms i viber lista koje koriste za marketin\u0161ke kampanje.<\/span><br \/><span style=\"font-size: 21px;\">DRONE INC DOO \u0107e va\u0161e li\u010dne podatke koristiti isklju\u010divo u svrhe tehni\u010dke administracije web sajta, kako bi vam dala pristup posebnim informacijama ili za komunikaciju sa vama.<\/span><br \/><span style=\"font-size: 21px;\">DRONE INC DOO ne\u0107e prodati podatke koje poseduje tre\u0107im licima, niti na tr\u017ei\u0161tu. Zaposleni u DRONE INC DOO su u obavezi da po\u0161tuju poverljivost va\u0161ih podataka.<\/span><br \/><span style=\"font-size: 21px;\">Nikada i ni na koji na\u010din ne\u0107emo zloupotrebiti va\u0161e privatne informacije.<\/span><br \/><span style=\"font-size: 21px;\">Ne\u0107emo predati va\u0161e podatke za kontakt tre\u0107im licima, sem ukoliko se to od nas bude zahtevalo zakonom.<\/span><br \/><span style=\"font-size: 21px;\">Pored navedenih prikupljamo, analiziramo i obra\u0111ujemo podatke o proizvodima koje na\u0161i posetioci tra\u017ee i kupuju,<\/span><br \/><span style=\"font-size: 21px;\">kao i o stranicama koje pose\u0107uju. Te podatke koristimo da bismo pobolj\u0161ali ponudu i izgled na\u0161ih stranica, i omogu\u0107ili Vam jednostavnije kori\u0161\u0107enje, sigurniju i udobniju kupovinu.<\/span><\/p>\n\t\t\t\t\t\t\t\t<\/div>\n\t\t\t\t<\/div>\n\t\t\t\t\t<\/div>\n\t\t\t\t<\/div>\n\t\t\t\t<\/div>","protected":false},"excerpt":{"rendered":"<p>Da bismo uspe\u0161no obradili Va\u0161 zahtev potrebni su nam Va\u0161e ime i prezime, adresa, e-mail i telefon.Uz pomo\u0107 tih podataka bi\u0107emo u mogu\u0107nosti da Vam damo najbolju ponudu,kao i da Vam je dostavimo u \u0161to kra\u0107em roku.Kao i da Vas obavestimo o trenutnom statusu Va\u0161eg zahteva.Prikupljamo samo neophodne, osnovne podatke o klijentima\/korisnicima i podatke neophodne [&hellip;]<\/p>\n","protected":false},"author":1,"featured_media":0,"parent":0,"menu_order":0,"comment_status":"closed","ping_status":"closed","template":"","meta":{"footnotes":""},"class_list":["post-10499","page","type-page","status-publish","hentry"],"_links":{"self":[{"href":"https:\/\/www.droneincdoo.com\/hu\/wp-json\/wp\/v2\/pages\/10499","targetHints":{"allow":["GET"]}}],"collection":[{"href":"https:\/\/www.droneincdoo.com\/hu\/wp-json\/wp\/v2\/pages"}],"about":[{"href":"https:\/\/www.droneincdoo.com\/hu\/wp-json\/wp\/v2\/types\/page"}],"author":[{"embeddable":true,"href":"https:\/\/www.droneincdoo.com\/hu\/wp-json\/wp\/v2\/users\/1"}],"replies":[{"embeddable":true,"href":"https:\/\/www.droneincdoo.com\/hu\/wp-json\/wp\/v2\/comments?post=10499"}],"version-history":[{"count":31,"href":"https:\/\/www.droneincdoo.com\/hu\/wp-json\/wp\/v2\/pages\/10499\/revisions"}],"predecessor-version":[{"id":10586,"href":"https:\/\/www.droneincdoo.com\/hu\/wp-json\/wp\/v2\/pages\/10499\/revisions\/10586"}],"wp:attachment":[{"href":"https:\/\/www.droneincdoo.com\/hu\/wp-json\/wp\/v2\/media?parent=10499"}],"curies":[{"name":"wp","href":"https:\/\/api.w.org\/{rel}","templated":true}]}}