{"id":8958,"date":"2020-12-14T07:27:37","date_gmt":"2020-12-14T07:27:37","guid":{"rendered":"https:\/\/companyhub.liquid-themes.com\/staging\/?page_id=8958"},"modified":"2026-03-05T12:19:11","modified_gmt":"2026-03-05T12:19:11","slug":"o-nama","status":"publish","type":"page","link":"https:\/\/www.droneincdoo.com\/en\/o-nama\/","title":{"rendered":"About us"},"content":{"rendered":"<div data-elementor-type=\"wp-page\" data-elementor-id=\"8958\" class=\"elementor elementor-8958\" data-elementor-post-type=\"page\">\n\t\t\t\t<div class=\"elementor-element elementor-element-85213a3 e-flex e-con-boxed e-con e-parent\" data-id=\"85213a3\" data-element_type=\"container\" data-e-type=\"container\">\n\t\t\t\t\t<div class=\"e-con-inner\">\n\t\t<div class=\"elementor-element elementor-element-d1d18ca e-con-full e-flex e-con e-child\" data-id=\"d1d18ca\" data-element_type=\"container\" data-e-type=\"container\">\n\t\t\t\t<div class=\"elementor-element elementor-element-3f3b10b elementor-widget elementor-widget-image\" data-id=\"3f3b10b\" data-element_type=\"widget\" data-e-type=\"widget\" data-widget_type=\"image.default\">\n\t\t\t\t<div class=\"elementor-widget-container\">\n\t\t\t\t\t\t\t\t\t\t\t\t\t\t\t<img fetchpriority=\"high\" decoding=\"async\" width=\"353\" height=\"362\" src=\"https:\/\/www.droneincdoo.com\/wp-content\/uploads\/2021\/05\/logo.jpg\" class=\"attachment-large size-large wp-image-10268\" alt=\"\" srcset=\"https:\/\/www.droneincdoo.com\/wp-content\/uploads\/2021\/05\/logo.jpg 353w, https:\/\/www.droneincdoo.com\/wp-content\/uploads\/2021\/05\/logo-293x300.jpg 293w, https:\/\/www.droneincdoo.com\/wp-content\/uploads\/2021\/05\/logo-12x12.jpg 12w\" sizes=\"(max-width: 353px) 100vw, 353px\" \/>\t\t\t\t\t\t\t\t\t\t\t\t\t\t\t<\/div>\n\t\t\t\t<\/div>\n\t\t\t\t<\/div>\n\t\t<div class=\"elementor-element elementor-element-07d09d7 e-con-full e-flex e-con e-child\" data-id=\"07d09d7\" data-element_type=\"container\" data-e-type=\"container\">\n\t\t\t\t<div class=\"elementor-element elementor-element-5e791f4 elementor-widget elementor-widget-text-editor\" data-id=\"5e791f4\" data-element_type=\"widget\" data-e-type=\"widget\" data-widget_type=\"text-editor.default\">\n\t\t\t\t<div class=\"elementor-widget-container\">\n\t\t\t\t\t\t\t\t\t<p class=\"western translation-block\"><span style=\"font-size: 16px\"><span style=\"font-family: Bookman Old Style, serif\"><span lang=\"en-US\"><i><b>DRONE INC DOO<\/b><\/i><\/span><\/span><span style=\"font-family: Bookman Old Style, serif\"><span lang=\"en-US\"><i>, was founded in <\/i><\/span><\/span><span style=\"font-family: Bookman Old Style, serif\"><span lang=\"en-US\"><i><b>2024<\/b><\/i><\/span><\/span><span style=\"font-family: Bookman Old Style, serif\"><span lang=\"en-US\"><i>, deals with:<\/i><\/span><\/span><\/span><\/p><ul><li><p class=\"western translation-block\"><span style=\"font-size: 16px\"><span style=\"color: #000000\"><span style=\"font-family: Bookman Old Style, serif\"><span lang=\"en-US\"><i><b>AGRICULTURE <\/b><\/i><\/span><\/span><\/span><span style=\"color: #000000\"><span style=\"font-family: Bookman Old Style, serif\"><span lang=\"en-US\"><i>(mapping, control, preparation and protection of all possible crops).<\/i><\/span><\/span><\/span><\/span><\/p><\/li><\/ul><ul><li><p class=\"western\"><span style=\"color: #000000; font-size: 16px;\"><span style=\"font-family: Bookman Old Style, serif;\"><span lang=\"sr-Latn-RS\"><i><b>INDUSTRY\/ENERGY <\/b><\/i><\/span><\/span><\/span><\/p><\/li><\/ul><ol><li><p class=\"western\"><span style=\"font-size: 16px;\"><span style=\"color: #000000;\"><span style=\"font-family: Bookman Old Style, serif;\"><span lang=\"sr-Latn-RS\"><i><b>monta\u017ea\/inspekcija <\/b><\/i><\/span><\/span><\/span><span style=\"color: #000000;\"><span style=\"font-family: Bookman Old Style, serif;\"><span lang=\"sr-Latn-RS\"><i>solarnih panela,vetro genratora i naponskih stubova,kao i gasovoda<\/i><\/span><\/span><\/span><\/span><\/p><\/li><li><p class=\"western translation-block\"><span style=\"font-size: 16px\"><span style=\"color: #000000\"><span style=\"font-family: Bookman Old Style, serif\"><span lang=\"en-US\"><i><b>painting\/washing<\/b><\/i><\/span><\/span><\/span><span style=\"color: #000000\"><span style=\"font-family: Bookman Old Style, serif\"><span lang=\"en-US\"><i> of solar panels, wind generators and power poles, as well as gas pipelines<\/i><\/span><\/span><\/span><\/span><\/p><\/li><li><p class=\"western\"><span style=\"color: #000000; font-size: 16px;\"><span style=\"font-family: Bookman Old Style, serif;\"><span lang=\"sr-Latn-RS\"><i><b>placing bird traps on power lines<\/b><\/i><\/span><\/span><\/span><\/p><\/li><\/ol><ol start=\"4\"><li><p class=\"western\" lang=\"sr-Latn-RS\"><span style=\"font-family: 'Bookman Old Style', serif; font-size: 16px;\"><i><b>preventive cleaning of power lines from ice<\/b><\/i><\/span><\/p><\/li><\/ol><p class=\"western\" lang=\"sr-Latn-RS\"><span style=\"font-family: 'Bookman Old Style', serif; font-size: 16px;\"><i><b>as well as many other requests we fulfill...<\/b><\/i><\/span><\/p>\t\t\t\t\t\t\t\t<\/div>\n\t\t\t\t<\/div>\n\t\t\t\t<\/div>\n\t\t\t\t\t<\/div>\n\t\t\t\t<\/div>\n\t\t<div class=\"elementor-element elementor-element-338432a e-flex e-con-boxed e-con e-parent\" data-id=\"338432a\" data-element_type=\"container\" data-e-type=\"container\">\n\t\t\t\t\t<div class=\"e-con-inner\">\n\t\t\t\t<div class=\"elementor-element elementor-element-5bebc85 elementor-widget elementor-widget-text-editor\" data-id=\"5bebc85\" data-element_type=\"widget\" data-e-type=\"widget\" data-widget_type=\"text-editor.default\">\n\t\t\t\t<div class=\"elementor-widget-container\">\n\t\t\t\t\t\t\t\t\t<p class=\"western\" lang=\"hr-HR\" align=\"center\"><span style=\"font-family: Times New Roman, serif;\"><span style=\"font-size: large;\"><i><b>PODACI ZA IDENTIFIKACIJU<\/b><\/i><\/span><\/span><\/p><p class=\"western\" align=\"center\"><span style=\"font-family: Calibri, sans-serif;\"><span style=\"font-family: Times New Roman, serif;\"><span style=\"font-size: large;\"><span lang=\"hr-HR\"><i><b>IDENTIFIKACIJA<\/b><\/i><\/span><\/span><\/span><\/span><\/p><table width=\"718\" cellspacing=\"0\" cellpadding=\"3\"><tbody><tr valign=\"top\"><td bgcolor=\"#ffffff\" width=\"30\" height=\"15\"><p class=\"western\" lang=\"hr-HR\" align=\"center\"><span style=\"font-family: Times New Roman, serif;\"><span style=\"font-size: large;\"><i><b>1.<\/b><\/i><\/span><\/span><\/p><\/td><td bgcolor=\"#ffffff\" width=\"243\"><p class=\"western\" lang=\"hr-HR\"><span style=\"font-family: Times New Roman, serif;\"><span style=\"font-size: large;\"><i><b>Company name<\/b><\/i><\/span><\/span><\/p><\/td><td bgcolor=\"#ffffff\" width=\"425\"><p class=\"western\" lang=\"hr-HR\" align=\"center\"><span style=\"font-family: Times New Roman, serif;\"><span style=\"font-size: large;\"><i><b>DRONE INC DOO<\/b><\/i><\/span><\/span><\/p><\/td><\/tr><tr valign=\"top\"><td bgcolor=\"#ffffff\" width=\"30\" height=\"15\"><p class=\"western\" lang=\"hr-HR\" align=\"center\"><span style=\"font-family: Times New Roman, serif;\"><span style=\"font-size: large;\"><i><b>2.<\/b><\/i><\/span><\/span><\/p><\/td><td bgcolor=\"#ffffff\" width=\"243\"><p class=\"western\" lang=\"hr-HR\"><span style=\"font-family: Times New Roman, serif;\"><span style=\"font-size: large;\"><i><b>Tax ID number (TIN)<\/b><\/i><\/span><\/span><\/p><\/td><td bgcolor=\"#ffffff\" width=\"425\"><p class=\"western\" lang=\"hr-HR\" align=\"center\"><span style=\"font-family: Times New Roman, serif;\"><span style=\"font-size: large;\"><i><b>112457564<\/b><\/i><\/span><\/span><\/p><\/td><\/tr><tr valign=\"top\"><td bgcolor=\"#ffffff\" width=\"30\" height=\"16\"><p class=\"western\" lang=\"hr-HR\" align=\"center\"><span style=\"font-family: Times New Roman, serif;\"><span style=\"font-size: large;\"><i><b>3.<\/b><\/i><\/span><\/span><\/p><\/td><td bgcolor=\"#ffffff\" width=\"243\"><p class=\"western\" lang=\"hr-HR\"><span style=\"font-family: Times New Roman, serif;\"><span style=\"font-size: large;\"><i><b>Mati\u010dni broj<\/b><\/i><\/span><\/span><\/p><\/td><td bgcolor=\"#ffffff\" width=\"425\"><p class=\"western\" lang=\"sr-Latn-CS\" align=\"center\"><span style=\"font-family: Times New Roman, serif;\"><span style=\"font-size: large;\"><i><b>21678546<\/b><\/i><\/span><\/span><\/p><\/td><\/tr><tr valign=\"top\"><td bgcolor=\"#ffffff\" width=\"30\" height=\"15\"><p class=\"western\" lang=\"hr-HR\" align=\"center\"><span style=\"font-family: Times New Roman, serif;\"><span style=\"font-size: large;\"><i><b>4.<\/b><\/i><\/span><\/span><\/p><\/td><td bgcolor=\"#ffffff\" width=\"243\"><p class=\"western\" lang=\"hr-HR\"><span style=\"font-family: Times New Roman, serif;\"><span style=\"font-size: large;\"><i><b>\u0160ifra delatnosti<\/b><\/i><\/span><\/span><\/p><\/td><td bgcolor=\"#ffffff\" width=\"425\"><p class=\"western\" lang=\"hr-HR\" align=\"center\"><span style=\"font-family: Times New Roman, serif;\"><span style=\"font-size: large;\"><i><b>0161<\/b><\/i><\/span><\/span><\/p><\/td><\/tr><tr valign=\"top\"><td bgcolor=\"#ffffff\" width=\"30\" height=\"16\"><p class=\"western\" lang=\"hr-HR\" align=\"center\"><span style=\"font-family: Times New Roman, serif;\"><span style=\"font-size: large;\"><i><b>5.<\/b><\/i><\/span><\/span><\/p><\/td><td bgcolor=\"#ffffff\" width=\"243\"><p class=\"western\" lang=\"hr-HR\"><span style=\"font-family: Times New Roman, serif;\"><span style=\"font-size: large;\"><i><b>Broj PDV potvrde<\/b><\/i><\/span><\/span><\/p><\/td><td bgcolor=\"#ffffff\" width=\"425\">\u00a0<\/td><\/tr><tr valign=\"top\"><td bgcolor=\"#ffffff\" width=\"30\" height=\"17\"><p class=\"western\" lang=\"hr-HR\" align=\"center\"><span style=\"font-family: Times New Roman, serif;\"><span style=\"font-size: large;\"><i><b>6.<\/b><\/i><\/span><\/span><\/p><\/td><td bgcolor=\"#ffffff\" width=\"243\"><p class=\"western\" lang=\"hr-HR\"><span style=\"font-family: Times New Roman, serif;\"><span style=\"font-size: large;\"><i><b>Name and surname of the authorized person<\/b><\/i><\/span><\/span><\/p><\/td><td bgcolor=\"#ffffff\" width=\"425\"><p class=\"western\" align=\"center\"><span style=\"font-family: Calibri, sans-serif;\"><span style=\"font-family: Times New Roman, serif;\"><span style=\"font-size: large;\"><span lang=\"hr-HR\"><i><b>Milodanovi\u0107 Pajo, Ili\u0107 Dejan<\/b><\/i><\/span><\/span><\/span><\/span><\/p><\/td><\/tr><tr valign=\"top\"><td bgcolor=\"#ffffff\" width=\"30\" height=\"16\"><p class=\"western\" lang=\"hr-HR\" align=\"center\"><span style=\"font-family: Times New Roman, serif;\"><span style=\"font-size: large;\"><i><b>7.<\/b><\/i><\/span><\/span><\/p><\/td><td bgcolor=\"#ffffff\" width=\"243\"><p class=\"western\" lang=\"hr-HR\"><span style=\"font-family: Times New Roman, serif;\"><span style=\"font-size: large;\"><i><b>Founded<\/b><\/i><\/span><\/span><\/p><\/td><td bgcolor=\"#ffffff\" width=\"425\"><p class=\"western\" lang=\"hr-HR\" align=\"center\"><span style=\"font-family: Times New Roman, serif;\"><span style=\"font-size: large;\"><i><b>26.04.2021.<\/b><\/i><\/span><\/span><\/p><\/td><\/tr><\/tbody><\/table><table width=\"718\" cellspacing=\"0\" cellpadding=\"3\"><tbody><tr><td colspan=\"3\" valign=\"top\" bgcolor=\"#ffffff\" width=\"710\" height=\"15\"><p class=\"western\" align=\"center\"><span style=\"font-family: Calibri, sans-serif;\"><span style=\"font-family: Times New Roman, serif;\"><span style=\"font-size: large;\"><span lang=\"hr-HR\"><i><b>REGISTERED OFFICE DETAILS<\/b><\/i><\/span><\/span><\/span><\/span><\/p><\/td><\/tr><tr valign=\"top\"><td bgcolor=\"#ffffff\" width=\"30\" height=\"16\"><p class=\"western\" lang=\"hr-HR\" align=\"center\"><span style=\"font-family: Times New Roman, serif;\"><span style=\"font-size: large;\"><i><b>1.<\/b><\/i><\/span><\/span><\/p><\/td><td bgcolor=\"#ffffff\" width=\"192\"><p class=\"western\" lang=\"hr-HR\"><span style=\"font-family: Times New Roman, serif;\"><span style=\"font-size: large;\"><i><b>City and postal code<\/b><\/i><\/span><\/span><\/p><\/td><td bgcolor=\"#ffffff\" width=\"477\"><p class=\"western\" lang=\"hr-HR\" align=\"center\"><span style=\"font-family: Times New Roman, serif;\"><span style=\"font-size: large;\"><i><b>24000, SUBOTICA<\/b><\/i><\/span><\/span><\/p><\/td><\/tr><tr valign=\"top\"><td bgcolor=\"#ffffff\" width=\"30\" height=\"16\"><p class=\"western\" lang=\"hr-HR\" align=\"center\"><span style=\"font-family: Times New Roman, serif;\"><span style=\"font-size: large;\"><i><b>2.<\/b><\/i><\/span><\/span><\/p><\/td><td bgcolor=\"#ffffff\" width=\"192\"><p class=\"western\" lang=\"hr-HR\"><span style=\"font-family: Times New Roman, serif;\"><span style=\"font-size: large;\"><i><b>Street name<\/b><\/i><\/span><\/span><\/p><\/td><td bgcolor=\"#ffffff\" width=\"477\"><p class=\"western\" lang=\"hr-HR\" align=\"center\"><span style=\"font-family: Times New Roman, serif;\"><span style=\"font-size: large;\"><i><b>Ma\u010dvnska<\/b><\/i><\/span><\/span><\/p><\/td><\/tr><tr valign=\"top\"><td bgcolor=\"#ffffff\" width=\"30\" height=\"16\"><p class=\"western\" lang=\"hr-HR\" align=\"center\"><span style=\"font-family: Times New Roman, serif;\"><span style=\"font-size: large;\"><i><b>3.<\/b><\/i><\/span><\/span><\/p><\/td><td bgcolor=\"#ffffff\" width=\"192\"><p class=\"western\" lang=\"hr-HR\"><span style=\"font-family: Times New Roman, serif;\"><span style=\"font-size: large;\"><i><b>House number<\/b><\/i><\/span><\/span><\/p><\/td><td bgcolor=\"#ffffff\" width=\"477\"><p class=\"western\" align=\"center\"><span style=\"font-family: Calibri, sans-serif;\"><span style=\"font-family: Times New Roman, serif;\"><span style=\"font-size: large;\"><span lang=\"hr-HR\"><i><b>135<\/b><\/i><\/span><\/span><\/span><span style=\"font-family: Times New Roman, serif;\"><span style=\"font-size: large;\"><span lang=\"sr-Latn-RS\"><i><b>\/5<\/b><\/i><\/span><\/span><\/span><span style=\"font-family: Times New Roman, serif;\"><span style=\"font-size: large;\"><span lang=\"hr-HR\"><i><b><br \/><\/b><\/i><\/span><\/span><\/span><\/span><\/p><\/td><\/tr><tr valign=\"top\"><td bgcolor=\"#ffffff\" width=\"30\" height=\"1\"><p class=\"western\" lang=\"hr-HR\" align=\"center\"><span style=\"font-family: Times New Roman, serif;\"><span style=\"font-size: large;\"><i><b>4.<\/b><\/i><\/span><\/span><\/p><\/td><td bgcolor=\"#ffffff\" width=\"192\"><p class=\"western\" lang=\"hr-HR\"><span style=\"font-family: Times New Roman, serif;\"><span style=\"font-size: large;\"><i><b>Municipality<\/b><\/i><\/span><\/span><\/p><\/td><td bgcolor=\"#ffffff\" width=\"477\"><p class=\"western\" align=\"center\"><span style=\"font-family: Calibri, sans-serif;\"><span style=\"font-family: Times New Roman, serif;\"><span style=\"font-size: large;\"><span lang=\"hr-HR\"><i><b>SUBOTICA<\/b><\/i><\/span><\/span><\/span><\/span><\/p><\/td><\/tr><tr valign=\"top\"><td bgcolor=\"#ffffff\" width=\"30\"><p class=\"western\" lang=\"hr-HR\" align=\"center\"><span style=\"font-family: Times New Roman, serif;\"><span style=\"font-size: large;\"><i><b>5.<\/b><\/i><\/span><\/span><\/p><\/td><td bgcolor=\"#ffffff\" width=\"192\"><p class=\"western\" lang=\"hr-HR\"><span style=\"font-family: Times New Roman, serif;\"><span style=\"font-size: large;\"><i><b>Phone number<\/b><\/i><\/span><\/span><\/p><\/td><td bgcolor=\"#ffffff\" width=\"477\"><p class=\"western\"><span style=\"font-family: Calibri, sans-serif;\"><span style=\"font-family: Times New Roman, serif;\"><span style=\"font-size: medium;\"><i><b>+381649295568<\/b><\/i><\/span><\/span><span style=\"font-family: Times New Roman, serif;\"><span lang=\"hr-HR\"><i><b>,+36 70 594 5970,+381 65 274 2590, + 381 64 8993-100<\/b><\/i><\/span><\/span><\/span><\/p><\/td><\/tr><tr valign=\"top\"><td bgcolor=\"#ffffff\" width=\"30\"><p class=\"western\" lang=\"hr-HR\" align=\"center\"><span style=\"font-family: Times New Roman, serif;\"><span style=\"font-size: large;\"><i><b>6.<\/b><\/i><\/span><\/span><\/p><\/td><td bgcolor=\"#ffffff\" width=\"192\"><p class=\"western\" lang=\"hr-HR\"><span style=\"font-family: Times New Roman, serif;\"><span style=\"font-size: large;\"><i><b>Fax number<\/b><\/i><\/span><\/span><\/p><\/td><td bgcolor=\"#ffffff\" width=\"477\"><p class=\"western\" align=\"center\"><span style=\"font-family: Calibri, sans-serif;\"><span style=\"font-family: Times New Roman, serif;\"><span style=\"font-size: large;\"><span lang=\"hr-HR\"><i><b>024\/692-145<\/b><\/i><\/span><\/span><\/span><\/span><\/p><\/td><\/tr><tr valign=\"top\"><td bgcolor=\"#ffffff\" width=\"30\" height=\"15\"><p class=\"western\" lang=\"hr-HR\" align=\"center\"><span style=\"font-family: Times New Roman, serif;\"><span style=\"font-size: large;\"><i><b>7.<\/b><\/i><\/span><\/span><\/p><\/td><td bgcolor=\"#ffffff\" width=\"192\"><p class=\"western\" lang=\"hr-HR\"><span style=\"font-family: Times New Roman, serif;\"><span style=\"font-size: large;\"><i><b>E-mail<\/b><\/i><\/span><\/span><\/p><\/td><td bgcolor=\"#ffffff\" width=\"477\"><p class=\"western\" align=\"center\"><span style=\"font-family: Calibri, sans-serif;\"><a href=\"mailto:droneincdoo@gmail.com\"><span style=\"color: #0000ff;\"><span style=\"font-family: Times New Roman, serif;\"><u><span style=\"font-size: large;\"><span lang=\"hr-HR\"><i><b>droneincdoo<\/b><\/i><\/span><\/span><\/u><\/span><\/span><span style=\"color: #0000ff;\"><span style=\"font-family: Times New Roman, serif;\"><u><span style=\"font-size: large;\"><i><b>@gmail.com<\/b><\/i><\/span><\/u><\/span><\/span><\/a><\/span><\/p><\/td><\/tr><\/tbody><\/table>\t\t\t\t\t\t\t\t<\/div>\n\t\t\t\t<\/div>\n\t\t\t\t\t<\/div>\n\t\t\t\t<\/div>\n\t\t<div class=\"elementor-element elementor-element-b580c50 e-flex e-con-boxed e-con e-parent\" data-id=\"b580c50\" data-element_type=\"container\" data-e-type=\"container\">\n\t\t\t\t\t<div class=\"e-con-inner\">\n\t\t\t\t<div class=\"elementor-element elementor-element-2255758 elementor-widget elementor-widget-text-editor\" data-id=\"2255758\" data-element_type=\"widget\" data-e-type=\"widget\" data-widget_type=\"text-editor.default\">\n\t\t\t\t<div class=\"elementor-widget-container\">\n\t\t\t\t\t\t\t\t\t<p class=\"western\" align=\"center\"><span style=\"color: #ff0000;\"><span style=\"font-family: TimesNewRomanPS-BoldMT, Times New Roman, serif;\"><span style=\"font-size: medium;\"><span lang=\"sr-Latn-CS\"><i><b>FOR PRICES CALL +381 65 2742 590. PRICES ARE INFORMATIONAL AND SUBJECT TO CHANGE.<\/b><\/i><\/span><\/span><\/span><\/span><\/p><p class=\"western\" align=\"center\"><span style=\"color: #ff0000;\"><span style=\"font-family: TimesNewRomanPS-BoldMT, Times New Roman, serif;\"><span style=\"font-size: medium;\"><span lang=\"sr-Latn-CS\"><i><b>FOR EACH CLIENT REQUEST, A SEPARATE OFFER IS MADE IN ACCORDANCE WITH THE CLIENT'S NEEDS AND BASED ON THE SITUATION IN THE FIELD.<\/b><\/i><\/span><\/span><\/span><\/span><\/p>\t\t\t\t\t\t\t\t<\/div>\n\t\t\t\t<\/div>\n\t\t\t\t\t<\/div>\n\t\t\t\t<\/div>\n\t\t\t\t<\/div>","protected":false},"excerpt":{"rendered":"<p>DRONE INC DOO, je osnovan 2024.godine,bavi se: AGRICULTUROM (mapiranje,kontrola,priprema i za\u0161tita svih mogu\u0107ih useva ). INDUSRIJOM\/ENERGETIKOM monta\u017ea\/inspekcija solarnih panela,vetro genratora i naponskih stubova,kao i gasovoda farbanje\/pranje solarnih panela,vetro genratora i naponskih stubova,kao i gasovoda potavljanje zamki za ptice na dalekovode preventivno \u010di\u0161\u0107enje dalekovoda od leda kao i mnoge druge zahteve ispunjavamo&#8230; PODACI ZA IDENTIFIKACIJU IDENTIFIKACIJA [&hellip;]<\/p>\n","protected":false},"author":1,"featured_media":0,"parent":0,"menu_order":0,"comment_status":"closed","ping_status":"closed","template":"","meta":{"footnotes":""},"class_list":["post-8958","page","type-page","status-publish","hentry"],"_links":{"self":[{"href":"https:\/\/www.droneincdoo.com\/en\/wp-json\/wp\/v2\/pages\/8958","targetHints":{"allow":["GET"]}}],"collection":[{"href":"https:\/\/www.droneincdoo.com\/en\/wp-json\/wp\/v2\/pages"}],"about":[{"href":"https:\/\/www.droneincdoo.com\/en\/wp-json\/wp\/v2\/types\/page"}],"author":[{"embeddable":true,"href":"https:\/\/www.droneincdoo.com\/en\/wp-json\/wp\/v2\/users\/1"}],"replies":[{"embeddable":true,"href":"https:\/\/www.droneincdoo.com\/en\/wp-json\/wp\/v2\/comments?post=8958"}],"version-history":[{"count":23,"href":"https:\/\/www.droneincdoo.com\/en\/wp-json\/wp\/v2\/pages\/8958\/revisions"}],"predecessor-version":[{"id":10697,"href":"https:\/\/www.droneincdoo.com\/en\/wp-json\/wp\/v2\/pages\/8958\/revisions\/10697"}],"wp:attachment":[{"href":"https:\/\/www.droneincdoo.com\/en\/wp-json\/wp\/v2\/media?parent=8958"}],"curies":[{"name":"wp","href":"https:\/\/api.w.org\/{rel}","templated":true}]}}