{"id":10503,"date":"2024-11-12T20:55:29","date_gmt":"2024-11-12T20:55:29","guid":{"rendered":"https:\/\/www.droneincdoo.com\/?page_id=10503"},"modified":"2024-11-12T20:55:29","modified_gmt":"2024-11-12T20:55:29","slug":"cookies","status":"publish","type":"page","link":"https:\/\/www.droneincdoo.com\/en\/cookies\/","title":{"rendered":"COOKIES"},"content":{"rendered":"<p>www.droneinc.com koristi \u201ecookies\u201c da Vam pomogne da prilagodite kori\u0161\u0107enje interneta Va\u0161im potrebama.<br>Cookie je tekstualni fajl koji je sme\u0161ten na Vasem hard disku od strane web servera.<br>Cookie-ji ne mogu biti kori\u0161\u0107eni da pokrenu program ili da isporu\u010de virus Va\u0161em ra\u010dunaru.<br>Cookie-ji su jedinstveno dodeljeni Vama, i jedino mogu biti pro\u010ditani od strane web servera u domenu koji Vam ih je poslao.<br>Jedna od osnovnih svrha cookie-ja je da obezbedi pogodnosti koje \u0107e Vam u\u0161tedeti vreme.<\/p>","protected":false},"excerpt":{"rendered":"<p>www.droneinc.com koristi \u201ecookies\u201c da Vam pomogne da prilagodite kori\u0161\u0107enje interneta Va\u0161im potrebama.Cookie je tekstualni fajl koji je sme\u0161ten na Vasem hard disku od strane web servera.Cookie-ji ne mogu biti kori\u0161\u0107eni da pokrenu program ili da isporu\u010de virus Va\u0161em ra\u010dunaru.Cookie-ji su jedinstveno dodeljeni Vama, i jedino mogu biti pro\u010ditani od strane web servera u domenu koji [&hellip;]<\/p>\n","protected":false},"author":1,"featured_media":0,"parent":0,"menu_order":0,"comment_status":"closed","ping_status":"closed","template":"","meta":{"footnotes":""},"class_list":["post-10503","page","type-page","status-publish","hentry"],"_links":{"self":[{"href":"https:\/\/www.droneincdoo.com\/en\/wp-json\/wp\/v2\/pages\/10503","targetHints":{"allow":["GET"]}}],"collection":[{"href":"https:\/\/www.droneincdoo.com\/en\/wp-json\/wp\/v2\/pages"}],"about":[{"href":"https:\/\/www.droneincdoo.com\/en\/wp-json\/wp\/v2\/types\/page"}],"author":[{"embeddable":true,"href":"https:\/\/www.droneincdoo.com\/en\/wp-json\/wp\/v2\/users\/1"}],"replies":[{"embeddable":true,"href":"https:\/\/www.droneincdoo.com\/en\/wp-json\/wp\/v2\/comments?post=10503"}],"version-history":[{"count":1,"href":"https:\/\/www.droneincdoo.com\/en\/wp-json\/wp\/v2\/pages\/10503\/revisions"}],"predecessor-version":[{"id":10504,"href":"https:\/\/www.droneincdoo.com\/en\/wp-json\/wp\/v2\/pages\/10503\/revisions\/10504"}],"wp:attachment":[{"href":"https:\/\/www.droneincdoo.com\/en\/wp-json\/wp\/v2\/media?parent=10503"}],"curies":[{"name":"wp","href":"https:\/\/api.w.org\/{rel}","templated":true}]}}